{"id":3008,"date":"2023-09-18T07:46:02","date_gmt":"2023-09-18T07:46:02","guid":{"rendered":"https:\/\/www.lepoglava.hr\/festival-cipke\/?page_id=3008"},"modified":"2023-09-18T07:49:30","modified_gmt":"2023-09-18T07:49:30","slug":"galerija-festival-cipke-lepoglava-17-09-2023","status":"publish","type":"page","link":"https:\/\/www.lepoglava.hr\/festival-cipke\/galerija-festival-cipke-lepoglava-17-09-2023\/","title":{"rendered":"Galerija  &#8220;Festival \u010dipke&#8221; Lepoglava 17.09.2023."},"content":{"rendered":"\t\t<div data-elementor-type=\"wp-page\" data-elementor-id=\"3008\" class=\"elementor elementor-3008\">\n\t\t\t\t\t\t<div class=\"elementor-inner\">\n\t\t\t\t<div class=\"elementor-section-wrap\">\n\t\t\t\t\t\t\t\t\t<section class=\"elementor-section elementor-top-section elementor-element elementor-element-0bdbbf8 elementor-section-boxed elementor-section-height-default elementor-section-height-default\" data-id=\"0bdbbf8\" data-element_type=\"section\">\n\t\t\t\t\t\t<div class=\"elementor-container elementor-column-gap-default\">\n\t\t\t\t\t\t\t<div class=\"elementor-row\">\n\t\t\t\t\t<div class=\"elementor-column elementor-col-100 elementor-top-column elementor-element elementor-element-b29568a\" data-id=\"b29568a\" data-element_type=\"column\">\n\t\t\t<div class=\"elementor-column-wrap elementor-element-populated\">\n\t\t\t\t\t\t\t<div class=\"elementor-widget-wrap\">\n\t\t\t\t\t\t<div class=\"elementor-element elementor-element-15fdd08 elementor-widget elementor-widget-heading\" data-id=\"15fdd08\" data-element_type=\"widget\" data-widget_type=\"heading.default\">\n\t\t\t\t<div class=\"elementor-widget-container\">\n\t\t\t<h2 class=\"elementor-heading-title elementor-size-default\">\"Festival \u010dipke\" Lepoglava 17.09.2023.<\/h2>\t\t<\/div>\n\t\t\t\t<\/div>\n\t\t\t\t\t\t<\/div>\n\t\t\t\t\t<\/div>\n\t\t<\/div>\n\t\t\t\t\t\t\t\t<\/div>\n\t\t\t\t\t<\/div>\n\t\t<\/section>\n\t\t\t\t<section class=\"elementor-section elementor-top-section elementor-element elementor-element-fef6f20 elementor-section-boxed elementor-section-height-default elementor-section-height-default\" data-id=\"fef6f20\" data-element_type=\"section\">\n\t\t\t\t\t\t<div class=\"elementor-container elementor-column-gap-default\">\n\t\t\t\t\t\t\t<div class=\"elementor-row\">\n\t\t\t\t\t<div class=\"elementor-column elementor-col-100 elementor-top-column elementor-element elementor-element-e1f875e\" data-id=\"e1f875e\" data-element_type=\"column\">\n\t\t\t<div class=\"elementor-column-wrap elementor-element-populated\">\n\t\t\t\t\t\t\t<div class=\"elementor-widget-wrap\">\n\t\t\t\t\t\t<div class=\"elementor-element elementor-element-fbe6c3c uael-img-grid__column-3 uael-img-grid-tablet__column-3 uael-img-grid-mobile__column-2 uael-ins-normal elementor-widget elementor-widget-uael-image-gallery\" data-id=\"fbe6c3c\" data-element_type=\"widget\" data-settings=\"{&quot;gallery_columns&quot;:&quot;3&quot;,&quot;gallery_columns_tablet&quot;:&quot;3&quot;,&quot;gallery_columns_mobile&quot;:&quot;2&quot;,&quot;column_gap&quot;:{&quot;unit&quot;:&quot;px&quot;,&quot;size&quot;:20,&quot;sizes&quot;:[]},&quot;column_gap_tablet&quot;:{&quot;unit&quot;:&quot;px&quot;,&quot;size&quot;:&quot;&quot;,&quot;sizes&quot;:[]},&quot;column_gap_mobile&quot;:{&quot;unit&quot;:&quot;px&quot;,&quot;size&quot;:&quot;&quot;,&quot;sizes&quot;:[]},&quot;row_gap&quot;:{&quot;unit&quot;:&quot;px&quot;,&quot;size&quot;:20,&quot;sizes&quot;:[]},&quot;row_gap_tablet&quot;:{&quot;unit&quot;:&quot;px&quot;,&quot;size&quot;:&quot;&quot;,&quot;sizes&quot;:[]},&quot;row_gap_mobile&quot;:{&quot;unit&quot;:&quot;px&quot;,&quot;size&quot;:&quot;&quot;,&quot;sizes&quot;:[]},&quot;images_valign&quot;:&quot;flex-start&quot;}\" data-widget_type=\"uael-image-gallery.default\">\n\t\t\t\t<div class=\"elementor-widget-container\">\n\t\t\t<div class=\"uael-gallery-parent uael-caption- uael-gallery-unjustified\"><div class=\"uael-img-gallery-wrap uael-img-grid-wrap uael-img-grid-masonry-wrap uael-image-lightbox-wrap\" data-filter-default=\"All\" data-lightbox_actions=\"[&quot;close&quot;]\" data-lightbox-gallery-loop=\"\"><div class=\"uael-grid-item  uael-img-gallery-item-1\"><div class=\"uael-grid-item-content\"><a class=\"uael-grid-img uael-grid-gallery-img uael-ins-hover elementor-clickable\" data-fancybox=\"uael-gallery\" href=\"https:\/\/www.lepoglava.hr\/festival-cipke\/wp-content\/uploads\/2023\/09\/festival_17092023_01_photo-by-godar.jpg\" data-elementor-open-lightbox=\"no\"><div class=\"uael-grid-img-thumbnail uael-ins-target\"><img decoding=\"async\" src=\"https:\/\/www.lepoglava.hr\/festival-cipke\/wp-content\/uploads\/elementor\/thumbs\/festival_17092023_01_photo-by-godar-qcl0f9xo33gt4k1sv60trdbg0n5273a1kjrb2nz528.jpg\" title=\"festival_17092023_01_photo by godar\" alt=\"festival_17092023_01_photo by godar\" loading=\"lazy\" \/><\/div><div class=\"uael-grid-img-overlay\"><\/div><\/a><\/div><\/div><div class=\"uael-grid-item  uael-img-gallery-item-2\"><div class=\"uael-grid-item-content\"><a class=\"uael-grid-img uael-grid-gallery-img uael-ins-hover elementor-clickable\" data-fancybox=\"uael-gallery\" href=\"https:\/\/www.lepoglava.hr\/festival-cipke\/wp-content\/uploads\/2023\/09\/festival_17092023_02_photo-by-godar.jpg\" data-elementor-open-lightbox=\"no\"><div class=\"uael-grid-img-thumbnail uael-ins-target\"><img decoding=\"async\" src=\"https:\/\/www.lepoglava.hr\/festival-cipke\/wp-content\/uploads\/elementor\/thumbs\/festival_17092023_02_photo-by-godar-qcl0dscv9jfgqs7mk0v3b8u65oh50cdcd6kmpw6kww.jpg\" title=\"festival_17092023_02_photo by godar\" alt=\"festival_17092023_02_photo by godar\" loading=\"lazy\" \/><\/div><div class=\"uael-grid-img-overlay\"><\/div><\/a><\/div><\/div><div class=\"uael-grid-item  uael-img-gallery-item-3\"><div class=\"uael-grid-item-content\"><a class=\"uael-grid-img uael-grid-gallery-img uael-ins-hover elementor-clickable\" data-fancybox=\"uael-gallery\" href=\"https:\/\/www.lepoglava.hr\/festival-cipke\/wp-content\/uploads\/2023\/09\/festival_17092023_03_photo-by-godar.jpg\" data-elementor-open-lightbox=\"no\"><div class=\"uael-grid-img-thumbnail uael-ins-target\"><img decoding=\"async\" src=\"https:\/\/www.lepoglava.hr\/festival-cipke\/wp-content\/uploads\/elementor\/thumbs\/festival_17092023_03_photo-by-godar-qcl0dyxqldoh01y2hlphap6ebdkpi83gq3512twtpc.jpg\" title=\"festival_17092023_03_photo by godar\" alt=\"festival_17092023_03_photo by godar\" loading=\"lazy\" \/><\/div><div class=\"uael-grid-img-overlay\"><\/div><\/a><\/div><\/div><div class=\"uael-grid-item  uael-img-gallery-item-4\"><div class=\"uael-grid-item-content\"><a class=\"uael-grid-img uael-grid-gallery-img uael-ins-hover elementor-clickable\" data-fancybox=\"uael-gallery\" href=\"https:\/\/www.lepoglava.hr\/festival-cipke\/wp-content\/uploads\/2023\/09\/festival_17092023_04_photo-by-godar.jpg\" data-elementor-open-lightbox=\"no\"><div class=\"uael-grid-img-thumbnail uael-ins-target\"><img decoding=\"async\" src=\"https:\/\/www.lepoglava.hr\/festival-cipke\/wp-content\/uploads\/elementor\/thumbs\/festival_17092023_04_photo-by-godar-qcl0e3mxjjuwm3r8q5qm55zpaaxjkpm4eqegh7puu8.jpg\" title=\"festival_17092023_04_photo by godar\" alt=\"festival_17092023_04_photo by godar\" loading=\"lazy\" \/><\/div><div class=\"uael-grid-img-overlay\"><\/div><\/a><\/div><\/div><div class=\"uael-grid-item  uael-img-gallery-item-5\"><div class=\"uael-grid-item-content\"><a class=\"uael-grid-img uael-grid-gallery-img uael-ins-hover elementor-clickable\" data-fancybox=\"uael-gallery\" href=\"https:\/\/www.lepoglava.hr\/festival-cipke\/wp-content\/uploads\/2023\/09\/festival_17092023_05_photo-by-godar.jpg\" data-elementor-open-lightbox=\"no\"><div class=\"uael-grid-img-thumbnail uael-ins-target\"><img decoding=\"async\" src=\"https:\/\/www.lepoglava.hr\/festival-cipke\/wp-content\/uploads\/elementor\/thumbs\/festival_17092023_05_photo-by-godar-qcl0e99yok2mjrj1t86dk4kgum5quw8ifibdcvhhsw.jpg\" title=\"festival_17092023_05_photo by godar\" alt=\"festival_17092023_05_photo by godar\" loading=\"lazy\" \/><\/div><div class=\"uael-grid-img-overlay\"><\/div><\/a><\/div><\/div><div class=\"uael-grid-item  uael-img-gallery-item-6\"><div class=\"uael-grid-item-content\"><a class=\"uael-grid-img uael-grid-gallery-img uael-ins-hover elementor-clickable\" data-fancybox=\"uael-gallery\" href=\"https:\/\/www.lepoglava.hr\/festival-cipke\/wp-content\/uploads\/2023\/09\/festival_17092023_06_photo-by-godar.jpg\" data-elementor-open-lightbox=\"no\"><div class=\"uael-grid-img-thumbnail uael-ins-target\"><img decoding=\"async\" src=\"https:\/\/www.lepoglava.hr\/festival-cipke\/wp-content\/uploads\/elementor\/thumbs\/festival_17092023_06_photo-by-godar-qcl0ehqie2e7g96rftu0okfm7301s663go6qod4y8w.jpg\" title=\"festival_17092023_06_photo by godar\" alt=\"festival_17092023_06_photo by godar\" loading=\"lazy\" \/><\/div><div class=\"uael-grid-img-overlay\"><\/div><\/a><\/div><\/div><div class=\"uael-grid-item  uael-img-gallery-item-7\"><div class=\"uael-grid-item-content\"><a class=\"uael-grid-img uael-grid-gallery-img uael-ins-hover elementor-clickable\" data-fancybox=\"uael-gallery\" href=\"https:\/\/www.lepoglava.hr\/festival-cipke\/wp-content\/uploads\/2023\/09\/festival_17092023_07_photo-by-godar.jpg\" data-elementor-open-lightbox=\"no\"><div class=\"uael-grid-img-thumbnail uael-ins-target\"><img decoding=\"async\" src=\"https:\/\/www.lepoglava.hr\/festival-cipke\/wp-content\/uploads\/elementor\/thumbs\/festival_17092023_07_photo-by-godar-qcl0emfpc8kn2azxodv5j18x60cvunor5bg62qxzds.jpg\" title=\"festival_17092023_07_photo by godar\" alt=\"festival_17092023_07_photo by godar\" loading=\"lazy\" \/><\/div><div class=\"uael-grid-img-overlay\"><\/div><\/a><\/div><\/div><div class=\"uael-grid-item  uael-img-gallery-item-8\"><div class=\"uael-grid-item-content\"><a class=\"uael-grid-img uael-grid-gallery-img uael-ins-hover elementor-clickable\" data-fancybox=\"uael-gallery\" href=\"https:\/\/www.lepoglava.hr\/festival-cipke\/wp-content\/uploads\/2023\/09\/festival_17092023_08_photo-by-godar.jpg\" data-elementor-open-lightbox=\"no\"><div class=\"uael-grid-img-thumbnail uael-ins-target\"><img decoding=\"async\" src=\"https:\/\/www.lepoglava.hr\/festival-cipke\/wp-content\/uploads\/elementor\/thumbs\/festival_17092023_08_photo-by-godar-qcl0es2qh8sczyrqrgawxztoqbl34ub563d2yepmcg.jpg\" title=\"festival_17092023_08_photo by godar\" alt=\"festival_17092023_08_photo by godar\" loading=\"lazy\" \/><\/div><div class=\"uael-grid-img-overlay\"><\/div><\/a><\/div><\/div><div class=\"uael-grid-item  uael-img-gallery-item-9\"><div class=\"uael-grid-item-content\"><a class=\"uael-grid-img uael-grid-gallery-img uael-ins-hover elementor-clickable\" data-fancybox=\"uael-gallery\" href=\"https:\/\/www.lepoglava.hr\/festival-cipke\/wp-content\/uploads\/2023\/09\/festival_17092023_09_photo-by-godar.jpg\" data-elementor-open-lightbox=\"no\"><div class=\"uael-grid-img-thumbnail uael-ins-target\"><img decoding=\"async\" src=\"https:\/\/www.lepoglava.hr\/festival-cipke\/wp-content\/uploads\/elementor\/thumbs\/festival_17092023_09_photo-by-godar-qcl0exprm902xmjjuiqocyegamtaf0xj6v9zu2h9b4.jpg\" title=\"festival_17092023_09_photo by godar\" alt=\"festival_17092023_09_photo by godar\" loading=\"lazy\" \/><\/div><div class=\"uael-grid-img-overlay\"><\/div><\/a><\/div><\/div><div class=\"uael-grid-item  uael-img-gallery-item-10\"><div class=\"uael-grid-item-content\"><a class=\"uael-grid-img uael-grid-gallery-img uael-ins-hover elementor-clickable\" data-fancybox=\"uael-gallery\" href=\"https:\/\/www.lepoglava.hr\/festival-cipke\/wp-content\/uploads\/2023\/09\/festival_17092023_10_photo-by-godar.jpg\" data-elementor-open-lightbox=\"no\"><div class=\"uael-grid-img-thumbnail uael-ins-target\"><img decoding=\"async\" src=\"https:\/\/www.lepoglava.hr\/festival-cipke\/wp-content\/uploads\/elementor\/thumbs\/festival_17092023_10_photo-by-godar-qcl0f4amy3936w9zs3l2ceqogbwuwwnnjrue707i3k.jpg\" title=\"festival_17092023_10_photo by godar\" alt=\"festival_17092023_10_photo by godar\" loading=\"lazy\" \/><\/div><div class=\"uael-grid-img-overlay\"><\/div><\/a><\/div><\/div><\/div><\/div>\t\t<\/div>\n\t\t\t\t<\/div>\n\t\t\t\t\t\t<\/div>\n\t\t\t\t\t<\/div>\n\t\t<\/div>\n\t\t\t\t\t\t\t\t<\/div>\n\t\t\t\t\t<\/div>\n\t\t<\/section>\n\t\t\t\t<section class=\"elementor-section elementor-top-section elementor-element elementor-element-c68fbf5 elementor-section-boxed elementor-section-height-default elementor-section-height-default\" data-id=\"c68fbf5\" data-element_type=\"section\">\n\t\t\t\t\t\t<div class=\"elementor-container elementor-column-gap-default\">\n\t\t\t\t\t\t\t<div class=\"elementor-row\">\n\t\t\t\t\t<div class=\"elementor-column elementor-col-100 elementor-top-column elementor-element elementor-element-ddf1502\" data-id=\"ddf1502\" data-element_type=\"column\">\n\t\t\t<div class=\"elementor-column-wrap elementor-element-populated\">\n\t\t\t\t\t\t\t<div class=\"elementor-widget-wrap\">\n\t\t\t\t\t\t<div class=\"elementor-element elementor-element-1b96e40 elementor-widget elementor-widget-text-editor\" data-id=\"1b96e40\" data-element_type=\"widget\" data-widget_type=\"text-editor.default\">\n\t\t\t\t<div class=\"elementor-widget-container\">\n\t\t\t\t\t\t\t\t<div class=\"elementor-text-editor elementor-clearfix\">\n\t\t\t\t<p style=\"text-align: right;\">Autor: Godar<\/p>\t\t\t\t\t<\/div>\n\t\t\t\t\t\t<\/div>\n\t\t\t\t<\/div>\n\t\t\t\t\t\t<\/div>\n\t\t\t\t\t<\/div>\n\t\t<\/div>\n\t\t\t\t\t\t\t\t<\/div>\n\t\t\t\t\t<\/div>\n\t\t<\/section>\n\t\t\t\t\t\t\t\t\t<\/div>\n\t\t\t<\/div>\n\t\t\t\t\t<\/div>\n\t\t","protected":false},"excerpt":{"rendered":"<p>&#8220;Festival \u010dipke&#8221; Lepoglava 17.09.2023. Autor: Godar<\/p>\n","protected":false},"author":4,"featured_media":0,"parent":0,"menu_order":0,"comment_status":"closed","ping_status":"closed","template":"","meta":{"site-sidebar-layout":"no-sidebar","site-content-layout":"page-builder","ast-global-header-display":"","ast-banner-title-visibility":"","ast-main-header-display":"","ast-hfb-above-header-display":"","ast-hfb-below-header-display":"","ast-hfb-mobile-header-display":"","site-post-title":"disabled","ast-breadcrumbs-content":"","ast-featured-img":"disabled","footer-sml-layout":"","theme-transparent-header-meta":"","adv-header-id-meta":"","stick-header-meta":"","header-above-stick-meta":"","header-main-stick-meta":"","header-below-stick-meta":"","pgc_sgb_lightbox_settings":""},"yoast_head":"<!-- This site is optimized with the Yoast SEO plugin v20.11 - https:\/\/yoast.com\/wordpress\/plugins\/seo\/ -->\n<title>Galerija &quot;Festival \u010dipke&quot; Lepoglava 17.09.2023. - 29. me\u0111unarodni festival \u010dipke<\/title>\n<meta name=\"robots\" content=\"index, follow, max-snippet:-1, max-image-preview:large, max-video-preview:-1\" \/>\n<link rel=\"canonical\" href=\"https:\/\/www.lepoglava.hr\/festival-cipke\/galerija-festival-cipke-lepoglava-17-09-2023\/\" \/>\n<meta property=\"og:locale\" content=\"hr_HR\" \/>\n<meta property=\"og:type\" content=\"article\" \/>\n<meta property=\"og:title\" content=\"Galerija &quot;Festival \u010dipke&quot; Lepoglava 17.09.2023. - 29. me\u0111unarodni festival \u010dipke\" \/>\n<meta property=\"og:description\" content=\"&#8220;Festival \u010dipke&#8221; Lepoglava 17.09.2023. Autor: Godar\" \/>\n<meta property=\"og:url\" content=\"https:\/\/www.lepoglava.hr\/festival-cipke\/galerija-festival-cipke-lepoglava-17-09-2023\/\" \/>\n<meta property=\"og:site_name\" content=\"29. me\u0111unarodni festival \u010dipke\" \/>\n<meta property=\"article:modified_time\" content=\"2023-09-18T07:49:30+00:00\" \/>\n<meta property=\"og:image\" content=\"https:\/\/www.lepoglava.hr\/festival-cipke\/wp-content\/uploads\/elementor\/thumbs\/festival_17092023_01_photo-by-godar-qcl0f9xo33gt4k1sv60trdbg0n5273a1kjrb2nz528.jpg\" \/>\n<meta name=\"twitter:card\" content=\"summary_large_image\" \/>\n<meta name=\"twitter:label1\" content=\"Procijenjeno vrijeme \u010ditanja\" \/>\n\t<meta name=\"twitter:data1\" content=\"1 minuta\" \/>\n<script type=\"application\/ld+json\" class=\"yoast-schema-graph\">{\"@context\":\"https:\/\/schema.org\",\"@graph\":[{\"@type\":\"WebPage\",\"@id\":\"https:\/\/www.lepoglava.hr\/festival-cipke\/galerija-festival-cipke-lepoglava-17-09-2023\/\",\"url\":\"https:\/\/www.lepoglava.hr\/festival-cipke\/galerija-festival-cipke-lepoglava-17-09-2023\/\",\"name\":\"Galerija \\\"Festival \u010dipke\\\" Lepoglava 17.09.2023. - 29. me\u0111unarodni festival \u010dipke\",\"isPartOf\":{\"@id\":\"https:\/\/www.lepoglava.hr\/festival-cipke\/#website\"},\"datePublished\":\"2023-09-18T07:46:02+00:00\",\"dateModified\":\"2023-09-18T07:49:30+00:00\",\"breadcrumb\":{\"@id\":\"https:\/\/www.lepoglava.hr\/festival-cipke\/galerija-festival-cipke-lepoglava-17-09-2023\/#breadcrumb\"},\"inLanguage\":\"hr\",\"potentialAction\":[{\"@type\":\"ReadAction\",\"target\":[\"https:\/\/www.lepoglava.hr\/festival-cipke\/galerija-festival-cipke-lepoglava-17-09-2023\/\"]}]},{\"@type\":\"BreadcrumbList\",\"@id\":\"https:\/\/www.lepoglava.hr\/festival-cipke\/galerija-festival-cipke-lepoglava-17-09-2023\/#breadcrumb\",\"itemListElement\":[{\"@type\":\"ListItem\",\"position\":1,\"name\":\"Po\u010detna stranica\",\"item\":\"https:\/\/www.lepoglava.hr\/festival-cipke\/\"},{\"@type\":\"ListItem\",\"position\":2,\"name\":\"Galerija &#8220;Festival \u010dipke&#8221; Lepoglava 17.09.2023.\"}]},{\"@type\":\"WebSite\",\"@id\":\"https:\/\/www.lepoglava.hr\/festival-cipke\/#website\",\"url\":\"https:\/\/www.lepoglava.hr\/festival-cipke\/\",\"name\":\"29. me\u0111unarodni festival \u010dipke\",\"description\":\"29. me\u0111unarodni festival \u010dipke - Lepoglava\",\"publisher\":{\"@id\":\"https:\/\/www.lepoglava.hr\/festival-cipke\/#organization\"},\"potentialAction\":[{\"@type\":\"SearchAction\",\"target\":{\"@type\":\"EntryPoint\",\"urlTemplate\":\"https:\/\/www.lepoglava.hr\/festival-cipke\/?s={search_term_string}\"},\"query-input\":\"required name=search_term_string\"}],\"inLanguage\":\"hr\"},{\"@type\":\"Organization\",\"@id\":\"https:\/\/www.lepoglava.hr\/festival-cipke\/#organization\",\"name\":\"Grad Lepoglava\",\"url\":\"https:\/\/www.lepoglava.hr\/festival-cipke\/\",\"logo\":{\"@type\":\"ImageObject\",\"inLanguage\":\"hr\",\"@id\":\"https:\/\/www.lepoglava.hr\/festival-cipke\/#\/schema\/logo\/image\/\",\"url\":\"https:\/\/www.lepoglava.hr\/festival-cipke\/wp-content\/uploads\/2020\/08\/lepoglava-logo.png\",\"contentUrl\":\"https:\/\/www.lepoglava.hr\/festival-cipke\/wp-content\/uploads\/2020\/08\/lepoglava-logo.png\",\"width\":202,\"height\":58,\"caption\":\"Grad Lepoglava\"},\"image\":{\"@id\":\"https:\/\/www.lepoglava.hr\/festival-cipke\/#\/schema\/logo\/image\/\"}}]}<\/script>\n<!-- \/ Yoast SEO plugin. -->","yoast_head_json":{"title":"Galerija \"Festival \u010dipke\" Lepoglava 17.09.2023. - 29. me\u0111unarodni festival \u010dipke","robots":{"index":"index","follow":"follow","max-snippet":"max-snippet:-1","max-image-preview":"max-image-preview:large","max-video-preview":"max-video-preview:-1"},"canonical":"https:\/\/www.lepoglava.hr\/festival-cipke\/galerija-festival-cipke-lepoglava-17-09-2023\/","og_locale":"hr_HR","og_type":"article","og_title":"Galerija \"Festival \u010dipke\" Lepoglava 17.09.2023. - 29. me\u0111unarodni festival \u010dipke","og_description":"&#8220;Festival \u010dipke&#8221; Lepoglava 17.09.2023. Autor: Godar","og_url":"https:\/\/www.lepoglava.hr\/festival-cipke\/galerija-festival-cipke-lepoglava-17-09-2023\/","og_site_name":"29. me\u0111unarodni festival \u010dipke","article_modified_time":"2023-09-18T07:49:30+00:00","og_image":[{"url":"https:\/\/www.lepoglava.hr\/festival-cipke\/wp-content\/uploads\/elementor\/thumbs\/festival_17092023_01_photo-by-godar-qcl0f9xo33gt4k1sv60trdbg0n5273a1kjrb2nz528.jpg"}],"twitter_card":"summary_large_image","twitter_misc":{"Procijenjeno vrijeme \u010ditanja":"1 minuta"},"schema":{"@context":"https:\/\/schema.org","@graph":[{"@type":"WebPage","@id":"https:\/\/www.lepoglava.hr\/festival-cipke\/galerija-festival-cipke-lepoglava-17-09-2023\/","url":"https:\/\/www.lepoglava.hr\/festival-cipke\/galerija-festival-cipke-lepoglava-17-09-2023\/","name":"Galerija \"Festival \u010dipke\" Lepoglava 17.09.2023. - 29. me\u0111unarodni festival \u010dipke","isPartOf":{"@id":"https:\/\/www.lepoglava.hr\/festival-cipke\/#website"},"datePublished":"2023-09-18T07:46:02+00:00","dateModified":"2023-09-18T07:49:30+00:00","breadcrumb":{"@id":"https:\/\/www.lepoglava.hr\/festival-cipke\/galerija-festival-cipke-lepoglava-17-09-2023\/#breadcrumb"},"inLanguage":"hr","potentialAction":[{"@type":"ReadAction","target":["https:\/\/www.lepoglava.hr\/festival-cipke\/galerija-festival-cipke-lepoglava-17-09-2023\/"]}]},{"@type":"BreadcrumbList","@id":"https:\/\/www.lepoglava.hr\/festival-cipke\/galerija-festival-cipke-lepoglava-17-09-2023\/#breadcrumb","itemListElement":[{"@type":"ListItem","position":1,"name":"Po\u010detna stranica","item":"https:\/\/www.lepoglava.hr\/festival-cipke\/"},{"@type":"ListItem","position":2,"name":"Galerija &#8220;Festival \u010dipke&#8221; Lepoglava 17.09.2023."}]},{"@type":"WebSite","@id":"https:\/\/www.lepoglava.hr\/festival-cipke\/#website","url":"https:\/\/www.lepoglava.hr\/festival-cipke\/","name":"29. me\u0111unarodni festival \u010dipke","description":"29. me\u0111unarodni festival \u010dipke - Lepoglava","publisher":{"@id":"https:\/\/www.lepoglava.hr\/festival-cipke\/#organization"},"potentialAction":[{"@type":"SearchAction","target":{"@type":"EntryPoint","urlTemplate":"https:\/\/www.lepoglava.hr\/festival-cipke\/?s={search_term_string}"},"query-input":"required name=search_term_string"}],"inLanguage":"hr"},{"@type":"Organization","@id":"https:\/\/www.lepoglava.hr\/festival-cipke\/#organization","name":"Grad Lepoglava","url":"https:\/\/www.lepoglava.hr\/festival-cipke\/","logo":{"@type":"ImageObject","inLanguage":"hr","@id":"https:\/\/www.lepoglava.hr\/festival-cipke\/#\/schema\/logo\/image\/","url":"https:\/\/www.lepoglava.hr\/festival-cipke\/wp-content\/uploads\/2020\/08\/lepoglava-logo.png","contentUrl":"https:\/\/www.lepoglava.hr\/festival-cipke\/wp-content\/uploads\/2020\/08\/lepoglava-logo.png","width":202,"height":58,"caption":"Grad Lepoglava"},"image":{"@id":"https:\/\/www.lepoglava.hr\/festival-cipke\/#\/schema\/logo\/image\/"}}]}},"_links":{"self":[{"href":"https:\/\/www.lepoglava.hr\/festival-cipke\/wp-json\/wp\/v2\/pages\/3008"}],"collection":[{"href":"https:\/\/www.lepoglava.hr\/festival-cipke\/wp-json\/wp\/v2\/pages"}],"about":[{"href":"https:\/\/www.lepoglava.hr\/festival-cipke\/wp-json\/wp\/v2\/types\/page"}],"author":[{"embeddable":true,"href":"https:\/\/www.lepoglava.hr\/festival-cipke\/wp-json\/wp\/v2\/users\/4"}],"replies":[{"embeddable":true,"href":"https:\/\/www.lepoglava.hr\/festival-cipke\/wp-json\/wp\/v2\/comments?post=3008"}],"version-history":[{"count":4,"href":"https:\/\/www.lepoglava.hr\/festival-cipke\/wp-json\/wp\/v2\/pages\/3008\/revisions"}],"predecessor-version":[{"id":3023,"href":"https:\/\/www.lepoglava.hr\/festival-cipke\/wp-json\/wp\/v2\/pages\/3008\/revisions\/3023"}],"wp:attachment":[{"href":"https:\/\/www.lepoglava.hr\/festival-cipke\/wp-json\/wp\/v2\/media?parent=3008"}],"curies":[{"name":"wp","href":"https:\/\/api.w.org\/{rel}","templated":true}]}}