{"id":3037,"date":"2023-09-19T14:43:17","date_gmt":"2023-09-19T14:43:17","guid":{"rendered":"https:\/\/www.lepoglava.hr\/festival-cipke\/?page_id=3037"},"modified":"2023-09-19T14:50:46","modified_gmt":"2023-09-19T14:50:46","slug":"27-medunarodni-festival-cipke-video-galerija","status":"publish","type":"page","link":"https:\/\/www.lepoglava.hr\/festival-cipke\/27-medunarodni-festival-cipke-video-galerija\/","title":{"rendered":"27. Me\u0111unarodni festival \u010dipke &#8211; Video galerija"},"content":{"rendered":"\t\t<div data-elementor-type=\"wp-page\" data-elementor-id=\"3037\" class=\"elementor elementor-3037\">\n\t\t\t\t\t\t<div class=\"elementor-inner\">\n\t\t\t\t<div class=\"elementor-section-wrap\">\n\t\t\t\t\t\t\t\t\t<section class=\"elementor-section elementor-top-section elementor-element elementor-element-98f3ea6 elementor-section-boxed elementor-section-height-default elementor-section-height-default\" data-id=\"98f3ea6\" data-element_type=\"section\">\n\t\t\t\t\t\t<div class=\"elementor-container elementor-column-gap-default\">\n\t\t\t\t\t\t\t<div class=\"elementor-row\">\n\t\t\t\t\t<div class=\"elementor-column elementor-col-100 elementor-top-column elementor-element elementor-element-db2b05a\" data-id=\"db2b05a\" data-element_type=\"column\">\n\t\t\t<div class=\"elementor-column-wrap elementor-element-populated\">\n\t\t\t\t\t\t\t<div class=\"elementor-widget-wrap\">\n\t\t\t\t\t\t<div class=\"elementor-element elementor-element-256b88c elementor-widget elementor-widget-heading\" data-id=\"256b88c\" data-element_type=\"widget\" data-settings=\"{&quot;_animation&quot;:&quot;none&quot;}\" data-widget_type=\"heading.default\">\n\t\t\t\t<div class=\"elementor-widget-container\">\n\t\t\t<h2 class=\"elementor-heading-title elementor-size-default\">Video o 27. me\u0111unarodnom festivalu \u010dipke\u200b<\/h2>\t\t<\/div>\n\t\t\t\t<\/div>\n\t\t\t\t\t\t<\/div>\n\t\t\t\t\t<\/div>\n\t\t<\/div>\n\t\t\t\t\t\t\t\t<\/div>\n\t\t\t\t\t<\/div>\n\t\t<\/section>\n\t\t\t\t<section class=\"elementor-section elementor-top-section elementor-element elementor-element-150213c elementor-section-boxed elementor-section-height-default elementor-section-height-default\" data-id=\"150213c\" data-element_type=\"section\">\n\t\t\t\t\t\t<div class=\"elementor-container elementor-column-gap-default\">\n\t\t\t\t\t\t\t<div class=\"elementor-row\">\n\t\t\t\t\t<div class=\"elementor-column elementor-col-100 elementor-top-column elementor-element elementor-element-9488278\" data-id=\"9488278\" data-element_type=\"column\">\n\t\t\t<div class=\"elementor-column-wrap elementor-element-populated\">\n\t\t\t\t\t\t\t<div class=\"elementor-widget-wrap\">\n\t\t\t\t\t\t<div class=\"elementor-element elementor-element-a138d64 uael-aspect-ratio-16_9 elementor-widget elementor-widget-uael-video\" data-id=\"a138d64\" data-element_type=\"widget\" data-widget_type=\"uael-video.default\">\n\t\t\t\t<div class=\"elementor-widget-container\">\n\t\t\t\t\t\t\t<div class=\"uael-video__outer-wrap  uael-video-type-hosted\" data-device=\"false\" data-vsticky=\"no\" data-hidedesktop=\"\" data-hidetablet=\"\" data-hidemobile=\"\" data-vsticky-viewport=\"0\" data-hosted-html=\"&quot;\\t\\t&lt;video class=\\&quot;uael-hosted-video\\&quot; src=\\&quot;https:\\\/\\\/www.lepoglava.hr\\\/uploads\\\/video\\\/Lepoglava-festival_27.mp4\\&quot; controls=&amp;quot;&amp;quot;&gt;&lt;\\\/video&gt;\\r\\n\\t\\t&quot;\" data-autoplay=\"0\">\r\n\t\t\t\t\t\t<div class=\"uael-video-inner-wrap\">\r\n\t\t\t\t<div class=\"uael-video__play\" data-src=\"https:\/\/www.lepoglava.hr\/uploads\/video\/Lepoglava-festival_27.mp4\">\r\n\t\t\t\t\t<video class=\"uael-video__thumb\" src=\"https:\/\/www.lepoglava.hr\/uploads\/video\/Lepoglava-festival_27.mp4\" alt=\"\"><\/video>\r\n\t\t\t\t\t<div class=\"uael-video__play-icon uael-animation-\">\r\n\t\t\t\t\t\t<i aria-hidden=\"true\" class=\"fa fa-play-circle\"><\/i>\t\t\t\t\t<\/div>\r\n\t\t\t\t<\/div>\r\n\t\t\t\t\t\t\t\t\t\t\t<\/div>\r\n\t\t<\/div>\r\n\t\t\t\t\t<\/div>\n\t\t\t\t<\/div>\n\t\t\t\t\t\t<\/div>\n\t\t\t\t\t<\/div>\n\t\t<\/div>\n\t\t\t\t\t\t\t\t<\/div>\n\t\t\t\t\t<\/div>\n\t\t<\/section>\n\t\t\t\t<section class=\"elementor-section elementor-top-section elementor-element elementor-element-ecd1c7e elementor-section-boxed elementor-section-height-default elementor-section-height-default\" data-id=\"ecd1c7e\" data-element_type=\"section\">\n\t\t\t\t\t\t<div class=\"elementor-container elementor-column-gap-default\">\n\t\t\t\t\t\t\t<div class=\"elementor-row\">\n\t\t\t\t\t<div class=\"elementor-column elementor-col-100 elementor-top-column elementor-element elementor-element-a8f7fd1\" data-id=\"a8f7fd1\" data-element_type=\"column\">\n\t\t\t<div class=\"elementor-column-wrap elementor-element-populated\">\n\t\t\t\t\t\t\t<div class=\"elementor-widget-wrap\">\n\t\t\t\t\t\t<div class=\"elementor-element elementor-element-9b7fb5b elementor-widget elementor-widget-heading\" data-id=\"9b7fb5b\" data-element_type=\"widget\" data-settings=\"{&quot;_animation&quot;:&quot;none&quot;}\" data-widget_type=\"heading.default\">\n\t\t\t\t<div class=\"elementor-widget-container\">\n\t\t\t<h2 class=\"elementor-heading-title elementor-size-default\">Stvaranje 27. me\u0111unarodnog festivala \u010dipke\u200b<\/h2>\t\t<\/div>\n\t\t\t\t<\/div>\n\t\t\t\t\t\t<\/div>\n\t\t\t\t\t<\/div>\n\t\t<\/div>\n\t\t\t\t\t\t\t\t<\/div>\n\t\t\t\t\t<\/div>\n\t\t<\/section>\n\t\t\t\t<section class=\"elementor-section elementor-top-section elementor-element elementor-element-04fcd9c elementor-section-boxed elementor-section-height-default elementor-section-height-default\" data-id=\"04fcd9c\" data-element_type=\"section\">\n\t\t\t\t\t\t<div class=\"elementor-container elementor-column-gap-default\">\n\t\t\t\t\t\t\t<div class=\"elementor-row\">\n\t\t\t\t\t<div class=\"elementor-column elementor-col-100 elementor-top-column elementor-element elementor-element-d925ecb\" data-id=\"d925ecb\" data-element_type=\"column\">\n\t\t\t<div class=\"elementor-column-wrap elementor-element-populated\">\n\t\t\t\t\t\t\t<div class=\"elementor-widget-wrap\">\n\t\t\t\t\t\t<div class=\"elementor-element elementor-element-b68ac0d uael-aspect-ratio-16_9 elementor-widget elementor-widget-uael-video\" data-id=\"b68ac0d\" data-element_type=\"widget\" data-widget_type=\"uael-video.default\">\n\t\t\t\t<div class=\"elementor-widget-container\">\n\t\t\t\t\t\t\t<div class=\"uael-video__outer-wrap  uael-video-type-hosted\" data-device=\"false\" data-vsticky=\"no\" data-hidedesktop=\"\" data-hidetablet=\"\" data-hidemobile=\"\" data-vsticky-viewport=\"0\" data-hosted-html=\"&quot;\\t\\t&lt;video class=\\&quot;uael-hosted-video\\&quot; src=\\&quot;https:\\\/\\\/www.lepoglava.hr\\\/uploads\\\/video\\\/Lepoglava-stvaranje.mp4\\&quot; controls=&amp;quot;&amp;quot;&gt;&lt;\\\/video&gt;\\r\\n\\t\\t&quot;\" data-autoplay=\"0\">\r\n\t\t\t\t\t\t<div class=\"uael-video-inner-wrap\">\r\n\t\t\t\t<div class=\"uael-video__play\" data-src=\"https:\/\/www.lepoglava.hr\/uploads\/video\/Lepoglava-stvaranje.mp4\">\r\n\t\t\t\t\t<video class=\"uael-video__thumb\" src=\"https:\/\/www.lepoglava.hr\/uploads\/video\/Lepoglava-stvaranje.mp4\" alt=\"\"><\/video>\r\n\t\t\t\t\t<div class=\"uael-video__play-icon uael-animation-\">\r\n\t\t\t\t\t\t<i aria-hidden=\"true\" class=\"fa fa-play-circle\"><\/i>\t\t\t\t\t<\/div>\r\n\t\t\t\t<\/div>\r\n\t\t\t\t\t\t\t\t\t\t\t<\/div>\r\n\t\t<\/div>\r\n\t\t\t\t\t<\/div>\n\t\t\t\t<\/div>\n\t\t\t\t\t\t<\/div>\n\t\t\t\t\t<\/div>\n\t\t<\/div>\n\t\t\t\t\t\t\t\t<\/div>\n\t\t\t\t\t<\/div>\n\t\t<\/section>\n\t\t\t\t<section class=\"elementor-section elementor-top-section elementor-element elementor-element-2ccd69d elementor-section-boxed elementor-section-height-default elementor-section-height-default\" data-id=\"2ccd69d\" data-element_type=\"section\">\n\t\t\t\t\t\t<div class=\"elementor-container elementor-column-gap-default\">\n\t\t\t\t\t\t\t<div class=\"elementor-row\">\n\t\t\t\t\t<div class=\"elementor-column elementor-col-100 elementor-top-column elementor-element elementor-element-d48ae2d\" data-id=\"d48ae2d\" data-element_type=\"column\">\n\t\t\t<div class=\"elementor-column-wrap elementor-element-populated\">\n\t\t\t\t\t\t\t<div class=\"elementor-widget-wrap\">\n\t\t\t\t\t\t<div class=\"elementor-element elementor-element-fd6459b elementor-widget elementor-widget-heading\" data-id=\"fd6459b\" data-element_type=\"widget\" data-settings=\"{&quot;_animation&quot;:&quot;none&quot;}\" data-widget_type=\"heading.default\">\n\t\t\t\t<div class=\"elementor-widget-container\">\n\t\t\t<h2 class=\"elementor-heading-title elementor-size-default\">Kratki video o 27. me\u0111unarodnom festivalu \u010dipke\u200b<\/h2>\t\t<\/div>\n\t\t\t\t<\/div>\n\t\t\t\t\t\t<\/div>\n\t\t\t\t\t<\/div>\n\t\t<\/div>\n\t\t\t\t\t\t\t\t<\/div>\n\t\t\t\t\t<\/div>\n\t\t<\/section>\n\t\t\t\t<section class=\"elementor-section elementor-top-section elementor-element elementor-element-730e474 elementor-section-boxed elementor-section-height-default elementor-section-height-default\" data-id=\"730e474\" data-element_type=\"section\">\n\t\t\t\t\t\t<div class=\"elementor-container elementor-column-gap-default\">\n\t\t\t\t\t\t\t<div class=\"elementor-row\">\n\t\t\t\t\t<div class=\"elementor-column elementor-col-100 elementor-top-column elementor-element elementor-element-84fb36a\" data-id=\"84fb36a\" data-element_type=\"column\">\n\t\t\t<div class=\"elementor-column-wrap elementor-element-populated\">\n\t\t\t\t\t\t\t<div class=\"elementor-widget-wrap\">\n\t\t\t\t\t\t<div class=\"elementor-element elementor-element-1a1e6f2 uael-aspect-ratio-16_9 elementor-widget elementor-widget-uael-video\" data-id=\"1a1e6f2\" data-element_type=\"widget\" data-widget_type=\"uael-video.default\">\n\t\t\t\t<div class=\"elementor-widget-container\">\n\t\t\t\t\t\t\t<div class=\"uael-video__outer-wrap  uael-video-type-hosted\" data-device=\"false\" data-vsticky=\"no\" data-hidedesktop=\"\" data-hidetablet=\"\" data-hidemobile=\"\" data-vsticky-viewport=\"0\" data-hosted-html=\"&quot;\\t\\t&lt;video class=\\&quot;uael-hosted-video\\&quot; src=\\&quot;https:\\\/\\\/www.lepoglava.hr\\\/uploads\\\/video\\\/Lepoglava-kratki.mp4\\&quot; controls=&amp;quot;&amp;quot;&gt;&lt;\\\/video&gt;\\r\\n\\t\\t&quot;\" data-autoplay=\"0\">\r\n\t\t\t\t\t\t<div class=\"uael-video-inner-wrap\">\r\n\t\t\t\t<div class=\"uael-video__play\" data-src=\"https:\/\/www.lepoglava.hr\/uploads\/video\/Lepoglava-kratki.mp4\">\r\n\t\t\t\t\t<video class=\"uael-video__thumb\" src=\"https:\/\/www.lepoglava.hr\/uploads\/video\/Lepoglava-kratki.mp4\" alt=\"\"><\/video>\r\n\t\t\t\t\t<div class=\"uael-video__play-icon uael-animation-\">\r\n\t\t\t\t\t\t<i aria-hidden=\"true\" class=\"fa fa-play-circle\"><\/i>\t\t\t\t\t<\/div>\r\n\t\t\t\t<\/div>\r\n\t\t\t\t\t\t\t\t\t\t\t<\/div>\r\n\t\t<\/div>\r\n\t\t\t\t\t<\/div>\n\t\t\t\t<\/div>\n\t\t\t\t\t\t<\/div>\n\t\t\t\t\t<\/div>\n\t\t<\/div>\n\t\t\t\t\t\t\t\t<\/div>\n\t\t\t\t\t<\/div>\n\t\t<\/section>\n\t\t\t\t<section class=\"elementor-section elementor-top-section elementor-element elementor-element-4fd84a2 elementor-section-boxed elementor-section-height-default elementor-section-height-default\" data-id=\"4fd84a2\" data-element_type=\"section\">\n\t\t\t\t\t\t<div class=\"elementor-container elementor-column-gap-default\">\n\t\t\t\t\t\t\t<div class=\"elementor-row\">\n\t\t\t\t\t<div class=\"elementor-column elementor-col-100 elementor-top-column elementor-element elementor-element-53a0227\" data-id=\"53a0227\" data-element_type=\"column\">\n\t\t\t<div class=\"elementor-column-wrap elementor-element-populated\">\n\t\t\t\t\t\t\t<div class=\"elementor-widget-wrap\">\n\t\t\t\t\t\t<div class=\"elementor-element elementor-element-8d91eb2 elementor-widget elementor-widget-heading\" data-id=\"8d91eb2\" data-element_type=\"widget\" data-settings=\"{&quot;_animation&quot;:&quot;none&quot;}\" data-widget_type=\"heading.default\">\n\t\t\t\t<div class=\"elementor-widget-container\">\n\t\t\t<h2 class=\"elementor-heading-title elementor-size-default\">Video \u0161etnja 27. me\u0111unarodnog festivala \u010dipke<\/h2>\t\t<\/div>\n\t\t\t\t<\/div>\n\t\t\t\t\t\t<\/div>\n\t\t\t\t\t<\/div>\n\t\t<\/div>\n\t\t\t\t\t\t\t\t<\/div>\n\t\t\t\t\t<\/div>\n\t\t<\/section>\n\t\t\t\t<section class=\"elementor-section elementor-top-section elementor-element elementor-element-6f10ed4 elementor-section-boxed elementor-section-height-default elementor-section-height-default\" data-id=\"6f10ed4\" data-element_type=\"section\">\n\t\t\t\t\t\t<div class=\"elementor-container elementor-column-gap-default\">\n\t\t\t\t\t\t\t<div class=\"elementor-row\">\n\t\t\t\t\t<div class=\"elementor-column elementor-col-100 elementor-top-column elementor-element elementor-element-7ee27ee\" data-id=\"7ee27ee\" data-element_type=\"column\">\n\t\t\t<div class=\"elementor-column-wrap elementor-element-populated\">\n\t\t\t\t\t\t\t<div class=\"elementor-widget-wrap\">\n\t\t\t\t\t\t<div class=\"elementor-element elementor-element-984d571 uael-aspect-ratio-16_9 elementor-widget elementor-widget-uael-video\" data-id=\"984d571\" data-element_type=\"widget\" data-widget_type=\"uael-video.default\">\n\t\t\t\t<div class=\"elementor-widget-container\">\n\t\t\t\t\t\t\t<div class=\"uael-video__outer-wrap  uael-video-type-hosted\" data-device=\"false\" data-vsticky=\"no\" data-hidedesktop=\"\" data-hidetablet=\"\" data-hidemobile=\"\" data-vsticky-viewport=\"0\" data-hosted-html=\"&quot;\\t\\t&lt;video class=\\&quot;uael-hosted-video\\&quot; src=\\&quot;https:\\\/\\\/www.lepoglava.hr\\\/uploads\\\/video\\\/Festival-Lepoglava-27-setnja.mp4\\&quot; controls=&amp;quot;&amp;quot;&gt;&lt;\\\/video&gt;\\r\\n\\t\\t&quot;\" data-autoplay=\"0\">\r\n\t\t\t\t\t\t<div class=\"uael-video-inner-wrap\">\r\n\t\t\t\t<div class=\"uael-video__play\" data-src=\"https:\/\/www.lepoglava.hr\/uploads\/video\/Festival-Lepoglava-27-setnja.mp4\">\r\n\t\t\t\t\t<video class=\"uael-video__thumb\" src=\"https:\/\/www.lepoglava.hr\/uploads\/video\/Festival-Lepoglava-27-setnja.mp4\" alt=\"\"><\/video>\r\n\t\t\t\t\t<div class=\"uael-video__play-icon uael-animation-\">\r\n\t\t\t\t\t\t<i aria-hidden=\"true\" class=\"fa fa-play-circle\"><\/i>\t\t\t\t\t<\/div>\r\n\t\t\t\t<\/div>\r\n\t\t\t\t\t\t\t\t\t\t\t<\/div>\r\n\t\t<\/div>\r\n\t\t\t\t\t<\/div>\n\t\t\t\t<\/div>\n\t\t\t\t\t\t<\/div>\n\t\t\t\t\t<\/div>\n\t\t<\/div>\n\t\t\t\t\t\t\t\t<\/div>\n\t\t\t\t\t<\/div>\n\t\t<\/section>\n\t\t\t\t\t\t\t\t\t<\/div>\n\t\t\t<\/div>\n\t\t\t\t\t<\/div>\n\t\t","protected":false},"excerpt":{"rendered":"<p>Video o 27. me\u0111unarodnom festivalu \u010dipke\u200b Stvaranje 27. me\u0111unarodnog festivala \u010dipke\u200b Kratki video o 27. me\u0111unarodnom festivalu \u010dipke\u200b Video \u0161etnja &hellip;<\/p>\n<p class=\"read-more\"> <a class=\"\" href=\"https:\/\/www.lepoglava.hr\/festival-cipke\/27-medunarodni-festival-cipke-video-galerija\/\"> <span class=\"screen-reader-text\">27. Me\u0111unarodni festival \u010dipke &#8211; Video galerija<\/span> Vi\u0161e \u00bb<\/a><\/p>\n","protected":false},"author":4,"featured_media":0,"parent":0,"menu_order":0,"comment_status":"closed","ping_status":"closed","template":"","meta":{"site-sidebar-layout":"no-sidebar","site-content-layout":"page-builder","ast-global-header-display":"","ast-banner-title-visibility":"","ast-main-header-display":"","ast-hfb-above-header-display":"","ast-hfb-below-header-display":"","ast-hfb-mobile-header-display":"","site-post-title":"disabled","ast-breadcrumbs-content":"","ast-featured-img":"disabled","footer-sml-layout":"","theme-transparent-header-meta":"","adv-header-id-meta":"","stick-header-meta":"","header-above-stick-meta":"","header-main-stick-meta":"","header-below-stick-meta":"","pgc_sgb_lightbox_settings":""},"yoast_head":"<!-- This site is optimized with the Yoast SEO plugin v20.11 - https:\/\/yoast.com\/wordpress\/plugins\/seo\/ -->\n<title>27. Me\u0111unarodni festival \u010dipke - Video galerija - 29. me\u0111unarodni festival \u010dipke<\/title>\n<meta name=\"robots\" content=\"index, follow, max-snippet:-1, max-image-preview:large, max-video-preview:-1\" \/>\n<link rel=\"canonical\" href=\"https:\/\/www.lepoglava.hr\/festival-cipke\/27-medunarodni-festival-cipke-video-galerija\/\" \/>\n<meta property=\"og:locale\" content=\"hr_HR\" \/>\n<meta property=\"og:type\" content=\"article\" \/>\n<meta property=\"og:title\" content=\"27. Me\u0111unarodni festival \u010dipke - Video galerija - 29. me\u0111unarodni festival \u010dipke\" \/>\n<meta property=\"og:description\" content=\"Video o 27. me\u0111unarodnom festivalu \u010dipke\u200b Stvaranje 27. me\u0111unarodnog festivala \u010dipke\u200b Kratki video o 27. me\u0111unarodnom festivalu \u010dipke\u200b Video \u0161etnja &hellip; 27. Me\u0111unarodni festival \u010dipke &#8211; Video galerija Vi\u0161e \u00bb\" \/>\n<meta property=\"og:url\" content=\"https:\/\/www.lepoglava.hr\/festival-cipke\/27-medunarodni-festival-cipke-video-galerija\/\" \/>\n<meta property=\"og:site_name\" content=\"29. me\u0111unarodni festival \u010dipke\" \/>\n<meta property=\"article:modified_time\" content=\"2023-09-19T14:50:46+00:00\" \/>\n<meta property=\"og:image\" content=\"https:\/\/www.lepoglava.hr\/festival-cipke\/wp-content\/uploads\/2023\/09\/Ziri_9480a-1.jpg\" \/>\n\t<meta property=\"og:image:width\" content=\"2126\" \/>\n\t<meta property=\"og:image:height\" content=\"2126\" \/>\n\t<meta property=\"og:image:type\" content=\"image\/jpeg\" \/>\n<meta name=\"twitter:card\" content=\"summary_large_image\" \/>\n<meta name=\"twitter:label1\" content=\"Procijenjeno vrijeme \u010ditanja\" \/>\n\t<meta name=\"twitter:data1\" content=\"1 minuta\" \/>\n<script type=\"application\/ld+json\" class=\"yoast-schema-graph\">{\"@context\":\"https:\/\/schema.org\",\"@graph\":[{\"@type\":\"WebPage\",\"@id\":\"https:\/\/www.lepoglava.hr\/festival-cipke\/27-medunarodni-festival-cipke-video-galerija\/\",\"url\":\"https:\/\/www.lepoglava.hr\/festival-cipke\/27-medunarodni-festival-cipke-video-galerija\/\",\"name\":\"27. Me\u0111unarodni festival \u010dipke - Video galerija - 29. me\u0111unarodni festival \u010dipke\",\"isPartOf\":{\"@id\":\"https:\/\/www.lepoglava.hr\/festival-cipke\/#website\"},\"datePublished\":\"2023-09-19T14:43:17+00:00\",\"dateModified\":\"2023-09-19T14:50:46+00:00\",\"breadcrumb\":{\"@id\":\"https:\/\/www.lepoglava.hr\/festival-cipke\/27-medunarodni-festival-cipke-video-galerija\/#breadcrumb\"},\"inLanguage\":\"hr\",\"potentialAction\":[{\"@type\":\"ReadAction\",\"target\":[\"https:\/\/www.lepoglava.hr\/festival-cipke\/27-medunarodni-festival-cipke-video-galerija\/\"]}]},{\"@type\":\"BreadcrumbList\",\"@id\":\"https:\/\/www.lepoglava.hr\/festival-cipke\/27-medunarodni-festival-cipke-video-galerija\/#breadcrumb\",\"itemListElement\":[{\"@type\":\"ListItem\",\"position\":1,\"name\":\"Po\u010detna stranica\",\"item\":\"https:\/\/www.lepoglava.hr\/festival-cipke\/\"},{\"@type\":\"ListItem\",\"position\":2,\"name\":\"27. Me\u0111unarodni festival \u010dipke &#8211; Video galerija\"}]},{\"@type\":\"WebSite\",\"@id\":\"https:\/\/www.lepoglava.hr\/festival-cipke\/#website\",\"url\":\"https:\/\/www.lepoglava.hr\/festival-cipke\/\",\"name\":\"29. me\u0111unarodni festival \u010dipke\",\"description\":\"29. me\u0111unarodni festival \u010dipke - Lepoglava\",\"publisher\":{\"@id\":\"https:\/\/www.lepoglava.hr\/festival-cipke\/#organization\"},\"potentialAction\":[{\"@type\":\"SearchAction\",\"target\":{\"@type\":\"EntryPoint\",\"urlTemplate\":\"https:\/\/www.lepoglava.hr\/festival-cipke\/?s={search_term_string}\"},\"query-input\":\"required name=search_term_string\"}],\"inLanguage\":\"hr\"},{\"@type\":\"Organization\",\"@id\":\"https:\/\/www.lepoglava.hr\/festival-cipke\/#organization\",\"name\":\"Grad Lepoglava\",\"url\":\"https:\/\/www.lepoglava.hr\/festival-cipke\/\",\"logo\":{\"@type\":\"ImageObject\",\"inLanguage\":\"hr\",\"@id\":\"https:\/\/www.lepoglava.hr\/festival-cipke\/#\/schema\/logo\/image\/\",\"url\":\"https:\/\/www.lepoglava.hr\/festival-cipke\/wp-content\/uploads\/2020\/08\/lepoglava-logo.png\",\"contentUrl\":\"https:\/\/www.lepoglava.hr\/festival-cipke\/wp-content\/uploads\/2020\/08\/lepoglava-logo.png\",\"width\":202,\"height\":58,\"caption\":\"Grad Lepoglava\"},\"image\":{\"@id\":\"https:\/\/www.lepoglava.hr\/festival-cipke\/#\/schema\/logo\/image\/\"}}]}<\/script>\n<!-- \/ Yoast SEO plugin. -->","yoast_head_json":{"title":"27. Me\u0111unarodni festival \u010dipke - Video galerija - 29. me\u0111unarodni festival \u010dipke","robots":{"index":"index","follow":"follow","max-snippet":"max-snippet:-1","max-image-preview":"max-image-preview:large","max-video-preview":"max-video-preview:-1"},"canonical":"https:\/\/www.lepoglava.hr\/festival-cipke\/27-medunarodni-festival-cipke-video-galerija\/","og_locale":"hr_HR","og_type":"article","og_title":"27. Me\u0111unarodni festival \u010dipke - Video galerija - 29. me\u0111unarodni festival \u010dipke","og_description":"Video o 27. me\u0111unarodnom festivalu \u010dipke\u200b Stvaranje 27. me\u0111unarodnog festivala \u010dipke\u200b Kratki video o 27. me\u0111unarodnom festivalu \u010dipke\u200b Video \u0161etnja &hellip; 27. Me\u0111unarodni festival \u010dipke &#8211; Video galerija Vi\u0161e \u00bb","og_url":"https:\/\/www.lepoglava.hr\/festival-cipke\/27-medunarodni-festival-cipke-video-galerija\/","og_site_name":"29. me\u0111unarodni festival \u010dipke","article_modified_time":"2023-09-19T14:50:46+00:00","og_image":[{"width":2126,"height":2126,"url":"https:\/\/www.lepoglava.hr\/festival-cipke\/wp-content\/uploads\/2023\/09\/Ziri_9480a-1.jpg","type":"image\/jpeg"}],"twitter_card":"summary_large_image","twitter_misc":{"Procijenjeno vrijeme \u010ditanja":"1 minuta"},"schema":{"@context":"https:\/\/schema.org","@graph":[{"@type":"WebPage","@id":"https:\/\/www.lepoglava.hr\/festival-cipke\/27-medunarodni-festival-cipke-video-galerija\/","url":"https:\/\/www.lepoglava.hr\/festival-cipke\/27-medunarodni-festival-cipke-video-galerija\/","name":"27. Me\u0111unarodni festival \u010dipke - Video galerija - 29. me\u0111unarodni festival \u010dipke","isPartOf":{"@id":"https:\/\/www.lepoglava.hr\/festival-cipke\/#website"},"datePublished":"2023-09-19T14:43:17+00:00","dateModified":"2023-09-19T14:50:46+00:00","breadcrumb":{"@id":"https:\/\/www.lepoglava.hr\/festival-cipke\/27-medunarodni-festival-cipke-video-galerija\/#breadcrumb"},"inLanguage":"hr","potentialAction":[{"@type":"ReadAction","target":["https:\/\/www.lepoglava.hr\/festival-cipke\/27-medunarodni-festival-cipke-video-galerija\/"]}]},{"@type":"BreadcrumbList","@id":"https:\/\/www.lepoglava.hr\/festival-cipke\/27-medunarodni-festival-cipke-video-galerija\/#breadcrumb","itemListElement":[{"@type":"ListItem","position":1,"name":"Po\u010detna stranica","item":"https:\/\/www.lepoglava.hr\/festival-cipke\/"},{"@type":"ListItem","position":2,"name":"27. Me\u0111unarodni festival \u010dipke &#8211; Video galerija"}]},{"@type":"WebSite","@id":"https:\/\/www.lepoglava.hr\/festival-cipke\/#website","url":"https:\/\/www.lepoglava.hr\/festival-cipke\/","name":"29. me\u0111unarodni festival \u010dipke","description":"29. me\u0111unarodni festival \u010dipke - Lepoglava","publisher":{"@id":"https:\/\/www.lepoglava.hr\/festival-cipke\/#organization"},"potentialAction":[{"@type":"SearchAction","target":{"@type":"EntryPoint","urlTemplate":"https:\/\/www.lepoglava.hr\/festival-cipke\/?s={search_term_string}"},"query-input":"required name=search_term_string"}],"inLanguage":"hr"},{"@type":"Organization","@id":"https:\/\/www.lepoglava.hr\/festival-cipke\/#organization","name":"Grad Lepoglava","url":"https:\/\/www.lepoglava.hr\/festival-cipke\/","logo":{"@type":"ImageObject","inLanguage":"hr","@id":"https:\/\/www.lepoglava.hr\/festival-cipke\/#\/schema\/logo\/image\/","url":"https:\/\/www.lepoglava.hr\/festival-cipke\/wp-content\/uploads\/2020\/08\/lepoglava-logo.png","contentUrl":"https:\/\/www.lepoglava.hr\/festival-cipke\/wp-content\/uploads\/2020\/08\/lepoglava-logo.png","width":202,"height":58,"caption":"Grad Lepoglava"},"image":{"@id":"https:\/\/www.lepoglava.hr\/festival-cipke\/#\/schema\/logo\/image\/"}}]}},"_links":{"self":[{"href":"https:\/\/www.lepoglava.hr\/festival-cipke\/wp-json\/wp\/v2\/pages\/3037"}],"collection":[{"href":"https:\/\/www.lepoglava.hr\/festival-cipke\/wp-json\/wp\/v2\/pages"}],"about":[{"href":"https:\/\/www.lepoglava.hr\/festival-cipke\/wp-json\/wp\/v2\/types\/page"}],"author":[{"embeddable":true,"href":"https:\/\/www.lepoglava.hr\/festival-cipke\/wp-json\/wp\/v2\/users\/4"}],"replies":[{"embeddable":true,"href":"https:\/\/www.lepoglava.hr\/festival-cipke\/wp-json\/wp\/v2\/comments?post=3037"}],"version-history":[{"count":7,"href":"https:\/\/www.lepoglava.hr\/festival-cipke\/wp-json\/wp\/v2\/pages\/3037\/revisions"}],"predecessor-version":[{"id":3047,"href":"https:\/\/www.lepoglava.hr\/festival-cipke\/wp-json\/wp\/v2\/pages\/3037\/revisions\/3047"}],"wp:attachment":[{"href":"https:\/\/www.lepoglava.hr\/festival-cipke\/wp-json\/wp\/v2\/media?parent=3037"}],"curies":[{"name":"wp","href":"https:\/\/api.w.org\/{rel}","templated":true}]}}